{"id":8,"date":"2022-10-12T15:05:21","date_gmt":"2022-10-12T13:05:21","guid":{"rendered":"http:\/\/localhost\/?page_id=8"},"modified":"2025-08-26T17:28:18","modified_gmt":"2025-08-26T15:28:18","slug":"qui-sommes-nous-fmf","status":"publish","type":"page","link":"https:\/\/mutuelles-de-france.fr\/ssam\/qui-sommes-nous-fmf\/","title":{"rendered":"Qui sommes-nous ?"},"content":{"rendered":"","protected":false},"excerpt":{"rendered":"","protected":false},"author":1,"featured_media":0,"parent":0,"menu_order":0,"comment_status":"closed","ping_status":"closed","template":"","meta":{"footnotes":""},"class_list":["post-8","page","type-page","status-publish","hentry"],"acf":[],"yoast_head":"<!-- This site is optimized with the Yoast SEO plugin v19.14 - https:\/\/yoast.com\/wordpress\/plugins\/seo\/ -->\n<title>Qui sommes-nous ? - Mutuelles de France<\/title>\n<meta name=\"description\" content=\"Retrouvez les services de soins et d&#039;accompagnement mutualistes (SSAM) des adh\u00e9rents \u00e0 la F\u00e9d\u00e9ration des Mutuelles de France.\" \/>\n<meta name=\"robots\" content=\"index, follow, max-snippet:-1, max-image-preview:large, max-video-preview:-1\" \/>\n<link rel=\"canonical\" href=\"https:\/\/mutuelles-de-france.fr\/ssam\/qui-sommes-nous-fmf\/\" \/>\n<meta property=\"og:locale\" content=\"fr_FR\" \/>\n<meta property=\"og:type\" content=\"article\" \/>\n<meta property=\"og:title\" content=\"Qui sommes-nous ? - Mutuelles de France\" \/>\n<meta property=\"og:description\" content=\"Retrouvez les services de soins et d&#039;accompagnement mutualistes (SSAM) des adh\u00e9rents \u00e0 la F\u00e9d\u00e9ration des Mutuelles de France.\" \/>\n<meta property=\"og:url\" content=\"https:\/\/mutuelles-de-france.fr\/ssam\/qui-sommes-nous-fmf\/\" \/>\n<meta property=\"og:site_name\" content=\"Mutuelles de France\" \/>\n<meta property=\"article:modified_time\" content=\"2025-08-26T15:28:18+00:00\" \/>\n<meta name=\"twitter:card\" content=\"summary_large_image\" \/>\n<script type=\"application\/ld+json\" class=\"yoast-schema-graph\">{\"@context\":\"https:\/\/schema.org\",\"@graph\":[{\"@type\":\"WebPage\",\"@id\":\"https:\/\/mutuelles-de-france.fr\/ssam\/qui-sommes-nous-fmf\/\",\"url\":\"https:\/\/mutuelles-de-france.fr\/ssam\/qui-sommes-nous-fmf\/\",\"name\":\"Qui sommes-nous ? - Mutuelles de France\",\"isPartOf\":{\"@id\":\"https:\/\/mutuelles-de-france.fr\/ssam\/#website\"},\"datePublished\":\"2022-10-12T13:05:21+00:00\",\"dateModified\":\"2025-08-26T15:28:18+00:00\",\"description\":\"Retrouvez les services de soins et d'accompagnement mutualistes (SSAM) des adh\u00e9rents \u00e0 la F\u00e9d\u00e9ration des Mutuelles de France.\",\"breadcrumb\":{\"@id\":\"https:\/\/mutuelles-de-france.fr\/ssam\/qui-sommes-nous-fmf\/#breadcrumb\"},\"inLanguage\":\"fr-FR\",\"potentialAction\":[{\"@type\":\"ReadAction\",\"target\":[\"https:\/\/mutuelles-de-france.fr\/ssam\/qui-sommes-nous-fmf\/\"]}]},{\"@type\":\"BreadcrumbList\",\"@id\":\"https:\/\/mutuelles-de-france.fr\/ssam\/qui-sommes-nous-fmf\/#breadcrumb\",\"itemListElement\":[{\"@type\":\"ListItem\",\"position\":1,\"name\":\"Home\",\"item\":\"https:\/\/mutuelles-de-france.fr\/ssam\/\"},{\"@type\":\"ListItem\",\"position\":2,\"name\":\"Qui sommes-nous ?\"}]},{\"@type\":\"WebSite\",\"@id\":\"https:\/\/mutuelles-de-france.fr\/ssam\/#website\",\"url\":\"https:\/\/mutuelles-de-france.fr\/ssam\/\",\"name\":\"Mutuelles de France\",\"description\":\"\",\"publisher\":{\"@id\":\"https:\/\/mutuelles-de-france.fr\/ssam\/#organization\"},\"potentialAction\":[{\"@type\":\"SearchAction\",\"target\":{\"@type\":\"EntryPoint\",\"urlTemplate\":\"https:\/\/mutuelles-de-france.fr\/ssam\/?s={search_term_string}\"},\"query-input\":\"required name=search_term_string\"}],\"inLanguage\":\"fr-FR\"},{\"@type\":\"Organization\",\"@id\":\"https:\/\/mutuelles-de-france.fr\/ssam\/#organization\",\"name\":\"Mutuelles de France\",\"url\":\"https:\/\/mutuelles-de-france.fr\/ssam\/\",\"logo\":{\"@type\":\"ImageObject\",\"inLanguage\":\"fr-FR\",\"@id\":\"https:\/\/mutuelles-de-france.fr\/ssam\/#\/schema\/logo\/image\/\",\"url\":\"https:\/\/mutuelles-de-france.fr\/ssam\/wp-content\/uploads\/2023\/01\/logo-ssam.webp\",\"contentUrl\":\"https:\/\/mutuelles-de-france.fr\/ssam\/wp-content\/uploads\/2023\/01\/logo-ssam.webp\",\"width\":89,\"height\":49,\"caption\":\"Mutuelles de France\"},\"image\":{\"@id\":\"https:\/\/mutuelles-de-france.fr\/ssam\/#\/schema\/logo\/image\/\"}}]}<\/script>\n<!-- \/ Yoast SEO plugin. -->","yoast_head_json":{"title":"Qui sommes-nous ? - Mutuelles de France","description":"Retrouvez les services de soins et d'accompagnement mutualistes (SSAM) des adh\u00e9rents \u00e0 la F\u00e9d\u00e9ration des Mutuelles de France.","robots":{"index":"index","follow":"follow","max-snippet":"max-snippet:-1","max-image-preview":"max-image-preview:large","max-video-preview":"max-video-preview:-1"},"canonical":"https:\/\/mutuelles-de-france.fr\/ssam\/qui-sommes-nous-fmf\/","og_locale":"fr_FR","og_type":"article","og_title":"Qui sommes-nous ? - Mutuelles de France","og_description":"Retrouvez les services de soins et d'accompagnement mutualistes (SSAM) des adh\u00e9rents \u00e0 la F\u00e9d\u00e9ration des Mutuelles de France.","og_url":"https:\/\/mutuelles-de-france.fr\/ssam\/qui-sommes-nous-fmf\/","og_site_name":"Mutuelles de France","article_modified_time":"2025-08-26T15:28:18+00:00","twitter_card":"summary_large_image","schema":{"@context":"https:\/\/schema.org","@graph":[{"@type":"WebPage","@id":"https:\/\/mutuelles-de-france.fr\/ssam\/qui-sommes-nous-fmf\/","url":"https:\/\/mutuelles-de-france.fr\/ssam\/qui-sommes-nous-fmf\/","name":"Qui sommes-nous ? - Mutuelles de France","isPartOf":{"@id":"https:\/\/mutuelles-de-france.fr\/ssam\/#website"},"datePublished":"2022-10-12T13:05:21+00:00","dateModified":"2025-08-26T15:28:18+00:00","description":"Retrouvez les services de soins et d'accompagnement mutualistes (SSAM) des adh\u00e9rents \u00e0 la F\u00e9d\u00e9ration des Mutuelles de France.","breadcrumb":{"@id":"https:\/\/mutuelles-de-france.fr\/ssam\/qui-sommes-nous-fmf\/#breadcrumb"},"inLanguage":"fr-FR","potentialAction":[{"@type":"ReadAction","target":["https:\/\/mutuelles-de-france.fr\/ssam\/qui-sommes-nous-fmf\/"]}]},{"@type":"BreadcrumbList","@id":"https:\/\/mutuelles-de-france.fr\/ssam\/qui-sommes-nous-fmf\/#breadcrumb","itemListElement":[{"@type":"ListItem","position":1,"name":"Home","item":"https:\/\/mutuelles-de-france.fr\/ssam\/"},{"@type":"ListItem","position":2,"name":"Qui sommes-nous ?"}]},{"@type":"WebSite","@id":"https:\/\/mutuelles-de-france.fr\/ssam\/#website","url":"https:\/\/mutuelles-de-france.fr\/ssam\/","name":"Mutuelles de France","description":"","publisher":{"@id":"https:\/\/mutuelles-de-france.fr\/ssam\/#organization"},"potentialAction":[{"@type":"SearchAction","target":{"@type":"EntryPoint","urlTemplate":"https:\/\/mutuelles-de-france.fr\/ssam\/?s={search_term_string}"},"query-input":"required name=search_term_string"}],"inLanguage":"fr-FR"},{"@type":"Organization","@id":"https:\/\/mutuelles-de-france.fr\/ssam\/#organization","name":"Mutuelles de France","url":"https:\/\/mutuelles-de-france.fr\/ssam\/","logo":{"@type":"ImageObject","inLanguage":"fr-FR","@id":"https:\/\/mutuelles-de-france.fr\/ssam\/#\/schema\/logo\/image\/","url":"https:\/\/mutuelles-de-france.fr\/ssam\/wp-content\/uploads\/2023\/01\/logo-ssam.webp","contentUrl":"https:\/\/mutuelles-de-france.fr\/ssam\/wp-content\/uploads\/2023\/01\/logo-ssam.webp","width":89,"height":49,"caption":"Mutuelles de France"},"image":{"@id":"https:\/\/mutuelles-de-france.fr\/ssam\/#\/schema\/logo\/image\/"}}]}},"_links":{"self":[{"href":"https:\/\/mutuelles-de-france.fr\/ssam\/wp-json\/wp\/v2\/pages\/8","targetHints":{"allow":["GET"]}}],"collection":[{"href":"https:\/\/mutuelles-de-france.fr\/ssam\/wp-json\/wp\/v2\/pages"}],"about":[{"href":"https:\/\/mutuelles-de-france.fr\/ssam\/wp-json\/wp\/v2\/types\/page"}],"author":[{"embeddable":true,"href":"https:\/\/mutuelles-de-france.fr\/ssam\/wp-json\/wp\/v2\/users\/1"}],"replies":[{"embeddable":true,"href":"https:\/\/mutuelles-de-france.fr\/ssam\/wp-json\/wp\/v2\/comments?post=8"}],"version-history":[{"count":23,"href":"https:\/\/mutuelles-de-france.fr\/ssam\/wp-json\/wp\/v2\/pages\/8\/revisions"}],"predecessor-version":[{"id":826,"href":"https:\/\/mutuelles-de-france.fr\/ssam\/wp-json\/wp\/v2\/pages\/8\/revisions\/826"}],"wp:attachment":[{"href":"https:\/\/mutuelles-de-france.fr\/ssam\/wp-json\/wp\/v2\/media?parent=8"}],"curies":[{"name":"wp","href":"https:\/\/api.w.org\/{rel}","templated":true}]}}