{"id":332,"date":"2022-10-28T10:55:59","date_gmt":"2022-10-28T08:55:59","guid":{"rendered":"https:\/\/mutuelles-de-france.fr\/ssam\/\/?page_id=332"},"modified":"2023-01-27T15:24:33","modified_gmt":"2023-01-27T14:24:33","slug":"nos-offres-de-soins-accompagnement-mutualistes","status":"publish","type":"page","link":"https:\/\/mutuelles-de-france.fr\/ssam\/nos-offres-de-soins-accompagnement-mutualistes\/","title":{"rendered":"Notre offre de soins"},"content":{"rendered":"","protected":false},"excerpt":{"rendered":"","protected":false},"author":1,"featured_media":0,"parent":0,"menu_order":0,"comment_status":"closed","ping_status":"closed","template":"","meta":{"footnotes":""},"class_list":["post-332","page","type-page","status-publish","hentry"],"acf":[],"yoast_head":"<!-- This site is optimized with the Yoast SEO plugin v19.14 - https:\/\/yoast.com\/wordpress\/plugins\/seo\/ -->\n<title>Notre offre de soins - Mutuelles de France<\/title>\n<meta name=\"description\" content=\"Mutuelles de France - L&#039;offre SSAM des mutuelles adh\u00e9rentes \u00e0 la FMF couvre l&#039;ensemble des \u00e9tapes de la vie, de l&#039;enfance au grand \u00e2ge.\" \/>\n<meta name=\"robots\" content=\"index, follow, max-snippet:-1, max-image-preview:large, max-video-preview:-1\" \/>\n<link rel=\"canonical\" href=\"https:\/\/mutuelles-de-france.fr\/ssam\/nos-offres-de-soins-accompagnement-mutualistes\/\" \/>\n<meta property=\"og:locale\" content=\"fr_FR\" \/>\n<meta property=\"og:type\" content=\"article\" \/>\n<meta property=\"og:title\" content=\"Notre offre de soins - Mutuelles de France\" \/>\n<meta property=\"og:description\" content=\"Mutuelles de France - L&#039;offre SSAM des mutuelles adh\u00e9rentes \u00e0 la FMF couvre l&#039;ensemble des \u00e9tapes de la vie, de l&#039;enfance au grand \u00e2ge.\" \/>\n<meta property=\"og:url\" content=\"https:\/\/mutuelles-de-france.fr\/ssam\/nos-offres-de-soins-accompagnement-mutualistes\/\" \/>\n<meta property=\"og:site_name\" content=\"Mutuelles de France\" \/>\n<meta property=\"article:modified_time\" content=\"2023-01-27T14:24:33+00:00\" \/>\n<meta name=\"twitter:card\" content=\"summary_large_image\" \/>\n<script type=\"application\/ld+json\" class=\"yoast-schema-graph\">{\"@context\":\"https:\/\/schema.org\",\"@graph\":[{\"@type\":\"WebPage\",\"@id\":\"https:\/\/mutuelles-de-france.fr\/ssam\/nos-offres-de-soins-accompagnement-mutualistes\/\",\"url\":\"https:\/\/mutuelles-de-france.fr\/ssam\/nos-offres-de-soins-accompagnement-mutualistes\/\",\"name\":\"Notre offre de soins - Mutuelles de France\",\"isPartOf\":{\"@id\":\"https:\/\/mutuelles-de-france.fr\/ssam\/#website\"},\"datePublished\":\"2022-10-28T08:55:59+00:00\",\"dateModified\":\"2023-01-27T14:24:33+00:00\",\"description\":\"Mutuelles de France - L'offre SSAM des mutuelles adh\u00e9rentes \u00e0 la FMF couvre l'ensemble des \u00e9tapes de la vie, de l'enfance au grand \u00e2ge.\",\"breadcrumb\":{\"@id\":\"https:\/\/mutuelles-de-france.fr\/ssam\/nos-offres-de-soins-accompagnement-mutualistes\/#breadcrumb\"},\"inLanguage\":\"fr-FR\",\"potentialAction\":[{\"@type\":\"ReadAction\",\"target\":[\"https:\/\/mutuelles-de-france.fr\/ssam\/nos-offres-de-soins-accompagnement-mutualistes\/\"]}]},{\"@type\":\"BreadcrumbList\",\"@id\":\"https:\/\/mutuelles-de-france.fr\/ssam\/nos-offres-de-soins-accompagnement-mutualistes\/#breadcrumb\",\"itemListElement\":[{\"@type\":\"ListItem\",\"position\":1,\"name\":\"Home\",\"item\":\"https:\/\/mutuelles-de-france.fr\/ssam\/\"},{\"@type\":\"ListItem\",\"position\":2,\"name\":\"Notre offre de soins\"}]},{\"@type\":\"WebSite\",\"@id\":\"https:\/\/mutuelles-de-france.fr\/ssam\/#website\",\"url\":\"https:\/\/mutuelles-de-france.fr\/ssam\/\",\"name\":\"Mutuelles de France\",\"description\":\"\",\"publisher\":{\"@id\":\"https:\/\/mutuelles-de-france.fr\/ssam\/#organization\"},\"potentialAction\":[{\"@type\":\"SearchAction\",\"target\":{\"@type\":\"EntryPoint\",\"urlTemplate\":\"https:\/\/mutuelles-de-france.fr\/ssam\/?s={search_term_string}\"},\"query-input\":\"required name=search_term_string\"}],\"inLanguage\":\"fr-FR\"},{\"@type\":\"Organization\",\"@id\":\"https:\/\/mutuelles-de-france.fr\/ssam\/#organization\",\"name\":\"Mutuelles de France\",\"url\":\"https:\/\/mutuelles-de-france.fr\/ssam\/\",\"logo\":{\"@type\":\"ImageObject\",\"inLanguage\":\"fr-FR\",\"@id\":\"https:\/\/mutuelles-de-france.fr\/ssam\/#\/schema\/logo\/image\/\",\"url\":\"https:\/\/mutuelles-de-france.fr\/ssam\/wp-content\/uploads\/2023\/01\/logo-ssam.webp\",\"contentUrl\":\"https:\/\/mutuelles-de-france.fr\/ssam\/wp-content\/uploads\/2023\/01\/logo-ssam.webp\",\"width\":89,\"height\":49,\"caption\":\"Mutuelles de France\"},\"image\":{\"@id\":\"https:\/\/mutuelles-de-france.fr\/ssam\/#\/schema\/logo\/image\/\"}}]}<\/script>\n<!-- \/ Yoast SEO plugin. -->","yoast_head_json":{"title":"Notre offre de soins - Mutuelles de France","description":"Mutuelles de France - L'offre SSAM des mutuelles adh\u00e9rentes \u00e0 la FMF couvre l'ensemble des \u00e9tapes de la vie, de l'enfance au grand \u00e2ge.","robots":{"index":"index","follow":"follow","max-snippet":"max-snippet:-1","max-image-preview":"max-image-preview:large","max-video-preview":"max-video-preview:-1"},"canonical":"https:\/\/mutuelles-de-france.fr\/ssam\/nos-offres-de-soins-accompagnement-mutualistes\/","og_locale":"fr_FR","og_type":"article","og_title":"Notre offre de soins - Mutuelles de France","og_description":"Mutuelles de France - L'offre SSAM des mutuelles adh\u00e9rentes \u00e0 la FMF couvre l'ensemble des \u00e9tapes de la vie, de l'enfance au grand \u00e2ge.","og_url":"https:\/\/mutuelles-de-france.fr\/ssam\/nos-offres-de-soins-accompagnement-mutualistes\/","og_site_name":"Mutuelles de France","article_modified_time":"2023-01-27T14:24:33+00:00","twitter_card":"summary_large_image","schema":{"@context":"https:\/\/schema.org","@graph":[{"@type":"WebPage","@id":"https:\/\/mutuelles-de-france.fr\/ssam\/nos-offres-de-soins-accompagnement-mutualistes\/","url":"https:\/\/mutuelles-de-france.fr\/ssam\/nos-offres-de-soins-accompagnement-mutualistes\/","name":"Notre offre de soins - Mutuelles de France","isPartOf":{"@id":"https:\/\/mutuelles-de-france.fr\/ssam\/#website"},"datePublished":"2022-10-28T08:55:59+00:00","dateModified":"2023-01-27T14:24:33+00:00","description":"Mutuelles de France - L'offre SSAM des mutuelles adh\u00e9rentes \u00e0 la FMF couvre l'ensemble des \u00e9tapes de la vie, de l'enfance au grand \u00e2ge.","breadcrumb":{"@id":"https:\/\/mutuelles-de-france.fr\/ssam\/nos-offres-de-soins-accompagnement-mutualistes\/#breadcrumb"},"inLanguage":"fr-FR","potentialAction":[{"@type":"ReadAction","target":["https:\/\/mutuelles-de-france.fr\/ssam\/nos-offres-de-soins-accompagnement-mutualistes\/"]}]},{"@type":"BreadcrumbList","@id":"https:\/\/mutuelles-de-france.fr\/ssam\/nos-offres-de-soins-accompagnement-mutualistes\/#breadcrumb","itemListElement":[{"@type":"ListItem","position":1,"name":"Home","item":"https:\/\/mutuelles-de-france.fr\/ssam\/"},{"@type":"ListItem","position":2,"name":"Notre offre de soins"}]},{"@type":"WebSite","@id":"https:\/\/mutuelles-de-france.fr\/ssam\/#website","url":"https:\/\/mutuelles-de-france.fr\/ssam\/","name":"Mutuelles de France","description":"","publisher":{"@id":"https:\/\/mutuelles-de-france.fr\/ssam\/#organization"},"potentialAction":[{"@type":"SearchAction","target":{"@type":"EntryPoint","urlTemplate":"https:\/\/mutuelles-de-france.fr\/ssam\/?s={search_term_string}"},"query-input":"required name=search_term_string"}],"inLanguage":"fr-FR"},{"@type":"Organization","@id":"https:\/\/mutuelles-de-france.fr\/ssam\/#organization","name":"Mutuelles de France","url":"https:\/\/mutuelles-de-france.fr\/ssam\/","logo":{"@type":"ImageObject","inLanguage":"fr-FR","@id":"https:\/\/mutuelles-de-france.fr\/ssam\/#\/schema\/logo\/image\/","url":"https:\/\/mutuelles-de-france.fr\/ssam\/wp-content\/uploads\/2023\/01\/logo-ssam.webp","contentUrl":"https:\/\/mutuelles-de-france.fr\/ssam\/wp-content\/uploads\/2023\/01\/logo-ssam.webp","width":89,"height":49,"caption":"Mutuelles de France"},"image":{"@id":"https:\/\/mutuelles-de-france.fr\/ssam\/#\/schema\/logo\/image\/"}}]}},"_links":{"self":[{"href":"https:\/\/mutuelles-de-france.fr\/ssam\/wp-json\/wp\/v2\/pages\/332","targetHints":{"allow":["GET"]}}],"collection":[{"href":"https:\/\/mutuelles-de-france.fr\/ssam\/wp-json\/wp\/v2\/pages"}],"about":[{"href":"https:\/\/mutuelles-de-france.fr\/ssam\/wp-json\/wp\/v2\/types\/page"}],"author":[{"embeddable":true,"href":"https:\/\/mutuelles-de-france.fr\/ssam\/wp-json\/wp\/v2\/users\/1"}],"replies":[{"embeddable":true,"href":"https:\/\/mutuelles-de-france.fr\/ssam\/wp-json\/wp\/v2\/comments?post=332"}],"version-history":[{"count":53,"href":"https:\/\/mutuelles-de-france.fr\/ssam\/wp-json\/wp\/v2\/pages\/332\/revisions"}],"predecessor-version":[{"id":588,"href":"https:\/\/mutuelles-de-france.fr\/ssam\/wp-json\/wp\/v2\/pages\/332\/revisions\/588"}],"wp:attachment":[{"href":"https:\/\/mutuelles-de-france.fr\/ssam\/wp-json\/wp\/v2\/media?parent=332"}],"curies":[{"name":"wp","href":"https:\/\/api.w.org\/{rel}","templated":true}]}}